{"id":161,"date":"2026-02-23T18:28:00","date_gmt":"2026-02-23T17:28:00","guid":{"rendered":"http:\/\/therapies-alternatives-quimper.com\/?page_id=161"},"modified":"2026-02-23T18:49:16","modified_gmt":"2026-02-23T17:49:16","slug":"graphoeducation","status":"publish","type":"page","link":"https:\/\/therapies-alternatives-quimper.com\/?page_id=161","title":{"rendered":"Grapho\u00e9ducation"},"content":{"rendered":"\n<p>(r\u00e9)apprendre \u00e0 \u00e9crire<\/p>\n\n\n\n<p>St\u00e9phanie LEPR\u00caTRE<\/p>\n\n\n\n<p>T\u00e9l\u00e9phone : 06 59 94 71 05<\/p>\n\n\n\n<p>Site web : <a href=\"https:\/\/www.graphoeducation.fr\">https:\/\/www.graphoeducation.fr<\/a><\/p>\n\n\n\n<figure class=\"wp-block-image size-large is-resized\"><img loading=\"lazy\" decoding=\"async\" width=\"1024\" height=\"1024\" src=\"https:\/\/therapies-alternatives-quimper.com\/wp-content\/uploads\/2026\/02\/Stephanie-Lepretre-1024x1024.jpg\" alt=\"\" class=\"wp-image-208\" style=\"width:517px;height:auto\" srcset=\"https:\/\/therapies-alternatives-quimper.com\/wp-content\/uploads\/2026\/02\/Stephanie-Lepretre-1024x1024.jpg 1024w, https:\/\/therapies-alternatives-quimper.com\/wp-content\/uploads\/2026\/02\/Stephanie-Lepretre-300x300.jpg 300w, https:\/\/therapies-alternatives-quimper.com\/wp-content\/uploads\/2026\/02\/Stephanie-Lepretre-150x150.jpg 150w, https:\/\/therapies-alternatives-quimper.com\/wp-content\/uploads\/2026\/02\/Stephanie-Lepretre-768x768.jpg 768w, https:\/\/therapies-alternatives-quimper.com\/wp-content\/uploads\/2026\/02\/Stephanie-Lepretre-1536x1536.jpg 1536w, https:\/\/therapies-alternatives-quimper.com\/wp-content\/uploads\/2026\/02\/Stephanie-Lepretre-2048x2048.jpg 2048w\" sizes=\"auto, (max-width: 1024px) 100vw, 1024px\" \/><\/figure>\n","protected":false},"excerpt":{"rendered":"<p>(r\u00e9)apprendre \u00e0 \u00e9crire St\u00e9phanie LEPR\u00caTRE T\u00e9l\u00e9phone : 06 59 94 71 05 Site web : https:\/\/www.graphoeducation.fr<\/p>\n","protected":false},"author":1,"featured_media":0,"parent":0,"menu_order":0,"comment_status":"closed","ping_status":"closed","template":"","meta":{"footnotes":""},"class_list":["post-161","page","type-page","status-publish","hentry"],"_links":{"self":[{"href":"https:\/\/therapies-alternatives-quimper.com\/index.php?rest_route=\/wp\/v2\/pages\/161","targetHints":{"allow":["GET"]}}],"collection":[{"href":"https:\/\/therapies-alternatives-quimper.com\/index.php?rest_route=\/wp\/v2\/pages"}],"about":[{"href":"https:\/\/therapies-alternatives-quimper.com\/index.php?rest_route=\/wp\/v2\/types\/page"}],"author":[{"embeddable":true,"href":"https:\/\/therapies-alternatives-quimper.com\/index.php?rest_route=\/wp\/v2\/users\/1"}],"replies":[{"embeddable":true,"href":"https:\/\/therapies-alternatives-quimper.com\/index.php?rest_route=%2Fwp%2Fv2%2Fcomments&post=161"}],"version-history":[{"count":5,"href":"https:\/\/therapies-alternatives-quimper.com\/index.php?rest_route=\/wp\/v2\/pages\/161\/revisions"}],"predecessor-version":[{"id":211,"href":"https:\/\/therapies-alternatives-quimper.com\/index.php?rest_route=\/wp\/v2\/pages\/161\/revisions\/211"}],"wp:attachment":[{"href":"https:\/\/therapies-alternatives-quimper.com\/index.php?rest_route=%2Fwp%2Fv2%2Fmedia&parent=161"}],"curies":[{"name":"wp","href":"https:\/\/api.w.org\/{rel}","templated":true}]}}