{"id":17,"date":"2019-06-07T22:04:49","date_gmt":"2019-06-07T20:04:49","guid":{"rendered":"http:\/\/therapies-alternatives-quimper.com\/?page_id=17"},"modified":"2025-07-17T11:44:38","modified_gmt":"2025-07-17T09:44:38","slug":"psychotherapie","status":"publish","type":"page","link":"https:\/\/therapies-alternatives-quimper.com\/?page_id=17","title":{"rendered":"Psychoth\u00e9rapie"},"content":{"rendered":"\n<p class=\"has-text-align-center has-medium-font-size\">Gestalt-th\u00e9rapie &#8211; EMDR-dsa &#8211; Hypnose Ericksonienne<\/p>\n\n\n\n<p><strong>C\u00e9line G<\/strong>OUTHEROT<\/p>\n\n\n\n<p>T\u00e9l\u00e9phone : 07 83 40 29 63<\/p>\n\n\n\n<p>Site : <a href=\"http:\/\/www.gestalttherapiegoutherot.jimdo.com\">www.gestalttherapiegoutherot.jimdo.com<\/a><\/p>\n\n\n<div class=\"wp-block-image\">\n<figure class=\"aligncenter size-full is-resized\"><img loading=\"lazy\" decoding=\"async\" width=\"480\" height=\"640\" src=\"https:\/\/therapies-alternatives-quimper.com\/wp-content\/uploads\/2025\/06\/IMG_5587.jpg\" alt=\"\" class=\"wp-image-172\" style=\"width:479px;height:auto\" srcset=\"https:\/\/therapies-alternatives-quimper.com\/wp-content\/uploads\/2025\/06\/IMG_5587.jpg 480w, https:\/\/therapies-alternatives-quimper.com\/wp-content\/uploads\/2025\/06\/IMG_5587-225x300.jpg 225w\" sizes=\"auto, (max-width: 480px) 100vw, 480px\" \/><\/figure>\n<\/div>","protected":false},"excerpt":{"rendered":"<p>Gestalt-th\u00e9rapie &#8211; EMDR-dsa &#8211; Hypnose Ericksonienne C\u00e9line GOUTHEROT T\u00e9l\u00e9phone : 07 83 40 29 63 Site : www.gestalttherapiegoutherot.jimdo.com<\/p>\n","protected":false},"author":1,"featured_media":0,"parent":0,"menu_order":0,"comment_status":"closed","ping_status":"closed","template":"","meta":{"footnotes":""},"class_list":["post-17","page","type-page","status-publish","hentry"],"_links":{"self":[{"href":"https:\/\/therapies-alternatives-quimper.com\/index.php?rest_route=\/wp\/v2\/pages\/17","targetHints":{"allow":["GET"]}}],"collection":[{"href":"https:\/\/therapies-alternatives-quimper.com\/index.php?rest_route=\/wp\/v2\/pages"}],"about":[{"href":"https:\/\/therapies-alternatives-quimper.com\/index.php?rest_route=\/wp\/v2\/types\/page"}],"author":[{"embeddable":true,"href":"https:\/\/therapies-alternatives-quimper.com\/index.php?rest_route=\/wp\/v2\/users\/1"}],"replies":[{"embeddable":true,"href":"https:\/\/therapies-alternatives-quimper.com\/index.php?rest_route=%2Fwp%2Fv2%2Fcomments&post=17"}],"version-history":[{"count":9,"href":"https:\/\/therapies-alternatives-quimper.com\/index.php?rest_route=\/wp\/v2\/pages\/17\/revisions"}],"predecessor-version":[{"id":192,"href":"https:\/\/therapies-alternatives-quimper.com\/index.php?rest_route=\/wp\/v2\/pages\/17\/revisions\/192"}],"wp:attachment":[{"href":"https:\/\/therapies-alternatives-quimper.com\/index.php?rest_route=%2Fwp%2Fv2%2Fmedia&parent=17"}],"curies":[{"name":"wp","href":"https:\/\/api.w.org\/{rel}","templated":true}]}}