{"id":9,"date":"2019-06-07T21:51:42","date_gmt":"2019-06-07T19:51:42","guid":{"rendered":"http:\/\/therapies-alternatives-quimper.com\/?page_id=9"},"modified":"2019-06-22T16:48:30","modified_gmt":"2019-06-22T14:48:30","slug":"infos-pratiques","status":"publish","type":"page","link":"https:\/\/therapies-alternatives-quimper.com\/?page_id=9","title":{"rendered":"Infos pratiques"},"content":{"rendered":"\n<figure><iframe loading=\"lazy\" src=\"https:\/\/www.google.com\/maps\/embed?pb=!1m18!1m12!1m3!1d2671.1481369132903!2d-4.087111485253922!3d47.972194770645466!2m3!1f0!2f0!3f0!3m2!1i1024!2i768!4f13.1!3m3!1m2!1s0x4810d5cdebcb156f%3A0xc471e9752a6853d2!2sMaison+de+Soins+Quimper!5e0!3m2!1sfr!2sfr!4v1559939937845!5m2!1sfr!2sfr\" allowfullscreen=\"\" width=\"600\" height=\"450\"><\/iframe><\/figure>\n\n\n\n<p><\/p>\n\n\n\n<p><strong>O\u00f9 se garer ?<\/strong><\/p>\n\n\n\n<p>Pour le confort du voisinage, nous vous invitons \u00e0 laisser votre voiture sur le parking du Cr\u00e9dit Maritime Grand Ouest. Ouvrez l&rsquo;oeil, vous trouverez un panneau d&rsquo;indication \u00e0 proximit\u00e9 du rond-point (au dessus de la bo\u00eete aux lettres de la Poste)!<\/p>\n\n\n\n<p><strong>Horaires d&rsquo;ouvertures :<\/strong><\/p>\n\n\n\n<p>Du lundi au samedi. Les horaires varient en fonction des th\u00e9rapeutes. Nous vous invitons \u00e0 consulter les diff\u00e9rents sites ou \u00e0 les contacter directement pour prendre rendez-vous.<\/p>\n\n\n\n<p><\/p>\n","protected":false},"excerpt":{"rendered":"<p>O\u00f9 se garer ? Pour le confort du voisinage, nous vous invitons \u00e0 laisser votre voiture sur le parking du Cr\u00e9dit Maritime Grand Ouest. Ouvrez l&rsquo;oeil, vous trouverez un panneau d&rsquo;indication \u00e0 proximit\u00e9 du rond-point (au dessus de la bo\u00eete aux lettres de la Poste)! Horaires d&rsquo;ouvertures : Du lundi au samedi. Les horaires varient [&hellip;]<\/p>\n","protected":false},"author":1,"featured_media":0,"parent":0,"menu_order":0,"comment_status":"closed","ping_status":"closed","template":"","meta":{"footnotes":""},"class_list":["post-9","page","type-page","status-publish","hentry"],"_links":{"self":[{"href":"https:\/\/therapies-alternatives-quimper.com\/index.php?rest_route=\/wp\/v2\/pages\/9","targetHints":{"allow":["GET"]}}],"collection":[{"href":"https:\/\/therapies-alternatives-quimper.com\/index.php?rest_route=\/wp\/v2\/pages"}],"about":[{"href":"https:\/\/therapies-alternatives-quimper.com\/index.php?rest_route=\/wp\/v2\/types\/page"}],"author":[{"embeddable":true,"href":"https:\/\/therapies-alternatives-quimper.com\/index.php?rest_route=\/wp\/v2\/users\/1"}],"replies":[{"embeddable":true,"href":"https:\/\/therapies-alternatives-quimper.com\/index.php?rest_route=%2Fwp%2Fv2%2Fcomments&post=9"}],"version-history":[{"count":4,"href":"https:\/\/therapies-alternatives-quimper.com\/index.php?rest_route=\/wp\/v2\/pages\/9\/revisions"}],"predecessor-version":[{"id":80,"href":"https:\/\/therapies-alternatives-quimper.com\/index.php?rest_route=\/wp\/v2\/pages\/9\/revisions\/80"}],"wp:attachment":[{"href":"https:\/\/therapies-alternatives-quimper.com\/index.php?rest_route=%2Fwp%2Fv2%2Fmedia&parent=9"}],"curies":[{"name":"wp","href":"https:\/\/api.w.org\/{rel}","templated":true}]}}